{"id":331,"date":"2025-07-18T16:16:46","date_gmt":"2025-07-18T16:16:46","guid":{"rendered":"https:\/\/grybuparkas.paslaugosverslui.lt\/?page_id=331"},"modified":"2025-07-18T16:19:14","modified_gmt":"2025-07-18T16:19:14","slug":"apie-mus","status":"publish","type":"page","link":"https:\/\/grybuparkas.paslaugosverslui.lt\/en\/apie-mus\/","title":{"rendered":"About Us"},"content":{"rendered":"<div data-elementor-type=\"wp-page\" data-elementor-id=\"331\" class=\"elementor elementor-331\" data-elementor-post-type=\"page\">\n\t\t\t\t\t\t<section class=\"elementor-section elementor-top-section elementor-element elementor-element-69d599bb elementor-section-boxed elementor-section-height-default elementor-section-height-default\" data-id=\"69d599bb\" data-element_type=\"section\" data-settings=\"{&quot;background_background&quot;:&quot;classic&quot;,&quot;background_motion_fx_motion_fx_scrolling&quot;:&quot;yes&quot;,&quot;background_motion_fx_scale_effect&quot;:&quot;yes&quot;,&quot;background_motion_fx_scale_speed&quot;:{&quot;unit&quot;:&quot;px&quot;,&quot;size&quot;:1,&quot;sizes&quot;:[]},&quot;background_motion_fx_scale_direction&quot;:&quot;out-in&quot;,&quot;background_motion_fx_scale_range&quot;:{&quot;unit&quot;:&quot;%&quot;,&quot;size&quot;:&quot;&quot;,&quot;sizes&quot;:{&quot;start&quot;:20,&quot;end&quot;:80}},&quot;background_motion_fx_devices&quot;:[&quot;desktop&quot;,&quot;tablet&quot;,&quot;mobile&quot;]}\">\n\t\t\t\t\t\t\t<div class=\"elementor-background-overlay\"><\/div>\n\t\t\t\t\t\t\t<div class=\"elementor-container elementor-column-gap-default\">\n\t\t\t\t\t<div class=\"elementor-column elementor-col-100 elementor-top-column elementor-element elementor-element-3d837787\" data-id=\"3d837787\" data-element_type=\"column\">\n\t\t\t<div class=\"elementor-widget-wrap elementor-element-populated\">\n\t\t\t\t\t\t\t<\/div>\n\t\t<\/div>\n\t\t\t\t\t<\/div>\n\t\t<\/section>\n\t\t\t\t<section class=\"elementor-section elementor-top-section elementor-element elementor-element-856fa12 elementor-section-full_width elementor-section-height-default elementor-section-height-default\" data-id=\"856fa12\" data-element_type=\"section\" data-settings=\"{&quot;background_background&quot;:&quot;classic&quot;}\">\n\t\t\t\t\t\t<div class=\"elementor-container elementor-column-gap-default\">\n\t\t\t\t\t<div class=\"elementor-column elementor-col-100 elementor-top-column elementor-element elementor-element-3d5f98f4\" data-id=\"3d5f98f4\" data-element_type=\"column\">\n\t\t\t<div class=\"elementor-widget-wrap elementor-element-populated\">\n\t\t\t\t\t\t<div class=\"elementor-element elementor-element-7a7d44dc elementor-widget-divider--view-line elementor-widget elementor-widget-divider\" data-id=\"7a7d44dc\" data-element_type=\"widget\" data-widget_type=\"divider.default\">\n\t\t\t\t\t\t\t<div class=\"elementor-divider\">\n\t\t\t<span class=\"elementor-divider-separator\">\n\t\t\t\t\t\t<\/span>\n\t\t<\/div>\n\t\t\t\t\t\t<\/div>\n\t\t\t\t\t<\/div>\n\t\t<\/div>\n\t\t\t\t\t<\/div>\n\t\t<\/section>\n\t\t\t\t<section class=\"elementor-section elementor-top-section elementor-element elementor-element-7879b93 elementor-section-full_width elementor-section-height-default elementor-section-height-default\" data-id=\"7879b93\" data-element_type=\"section\" data-settings=\"{&quot;background_background&quot;:&quot;classic&quot;}\">\n\t\t\t\t\t\t<div class=\"elementor-container elementor-column-gap-default\">\n\t\t\t\t\t<div class=\"elementor-column elementor-col-100 elementor-top-column elementor-element elementor-element-6dbd8478\" data-id=\"6dbd8478\" data-element_type=\"column\">\n\t\t\t<div class=\"elementor-widget-wrap elementor-element-populated\">\n\t\t\t\t\t\t<div class=\"elementor-element elementor-element-2ef631d9 elementor-widget-divider--view-line elementor-widget elementor-widget-divider\" data-id=\"2ef631d9\" data-element_type=\"widget\" data-widget_type=\"divider.default\">\n\t\t\t\t\t\t\t<div class=\"elementor-divider\">\n\t\t\t<span class=\"elementor-divider-separator\">\n\t\t\t\t\t\t<\/span>\n\t\t<\/div>\n\t\t\t\t\t\t<\/div>\n\t\t\t\t\t<\/div>\n\t\t<\/div>\n\t\t\t\t\t<\/div>\n\t\t<\/section>\n\t\t\t\t<section class=\"elementor-section elementor-top-section elementor-element elementor-element-3038d97a elementor-section-boxed elementor-section-height-default elementor-section-height-default\" data-id=\"3038d97a\" data-element_type=\"section\" data-settings=\"{&quot;background_background&quot;:&quot;classic&quot;}\">\n\t\t\t\t\t\t<div class=\"elementor-container elementor-column-gap-default\">\n\t\t\t\t\t<div class=\"elementor-column elementor-col-100 elementor-top-column elementor-element elementor-element-3f163ae1\" data-id=\"3f163ae1\" data-element_type=\"column\">\n\t\t\t<div class=\"elementor-widget-wrap elementor-element-populated\">\n\t\t\t\t\t\t<section class=\"elementor-section elementor-inner-section elementor-element elementor-element-7c1c8051 elementor-section-boxed elementor-section-height-default elementor-section-height-default\" data-id=\"7c1c8051\" data-element_type=\"section\">\n\t\t\t\t\t\t<div class=\"elementor-container elementor-column-gap-default\">\n\t\t\t\t\t<div class=\"elementor-column elementor-col-100 elementor-inner-column elementor-element elementor-element-10a0dc7\" data-id=\"10a0dc7\" data-element_type=\"column\">\n\t\t\t<div class=\"elementor-widget-wrap\">\n\t\t\t\t\t\t\t<\/div>\n\t\t<\/div>\n\t\t\t\t\t<\/div>\n\t\t<\/section>\n\t\t\t\t<section class=\"elementor-section elementor-inner-section elementor-element elementor-element-790c3162 elementor-section-boxed elementor-section-height-default elementor-section-height-default\" data-id=\"790c3162\" data-element_type=\"section\">\n\t\t\t\t\t\t<div class=\"elementor-container elementor-column-gap-default\">\n\t\t\t\t\t<div class=\"elementor-column elementor-col-33 elementor-inner-column elementor-element elementor-element-1ad488ea\" data-id=\"1ad488ea\" data-element_type=\"column\">\n\t\t\t<div class=\"elementor-widget-wrap elementor-element-populated\">\n\t\t\t\t\t\t<div class=\"elementor-element elementor-element-4acf9d65 animated-fast elementor-invisible elementor-widget elementor-widget-image\" data-id=\"4acf9d65\" data-element_type=\"widget\" data-settings=\"{&quot;_animation&quot;:&quot;fadeInUp&quot;,&quot;_animation_delay&quot;:100}\" data-widget_type=\"image.default\">\n\t\t\t\t\t\t\t\t\t\t\t\t\t\t\t\t<a href=\"https:\/\/grybuparkas.paslaugosverslui.lt\/wp-content\/uploads\/2025\/07\/6.jpg\" data-elementor-open-lightbox=\"yes\" data-elementor-lightbox-title=\"6\" data-e-action-hash=\"#elementor-action%3Aaction%3Dlightbox%26settings%3DeyJpZCI6MzIxLCJ1cmwiOiJodHRwczpcL1wvZ3J5YnVwYXJrYXMucGFzbGF1Z29zdmVyc2x1aS5sdFwvd3AtY29udGVudFwvdXBsb2Fkc1wvMjAyNVwvMDdcLzYuanBnIn0%3D\">\n\t\t\t\t\t\t\t<img fetchpriority=\"high\" decoding=\"async\" width=\"768\" height=\"1152\" src=\"https:\/\/grybuparkas.paslaugosverslui.lt\/wp-content\/uploads\/2025\/07\/6-768x1152.jpg\" class=\"attachment-medium_large size-medium_large wp-image-321\" alt=\"\" srcset=\"https:\/\/grybuparkas.paslaugosverslui.lt\/wp-content\/uploads\/2025\/07\/6-768x1152.jpg 768w, https:\/\/grybuparkas.paslaugosverslui.lt\/wp-content\/uploads\/2025\/07\/6-200x300.jpg 200w, https:\/\/grybuparkas.paslaugosverslui.lt\/wp-content\/uploads\/2025\/07\/6-683x1024.jpg 683w, https:\/\/grybuparkas.paslaugosverslui.lt\/wp-content\/uploads\/2025\/07\/6.jpg 900w\" sizes=\"(max-width: 768px) 100vw, 768px\" \/>\t\t\t\t\t\t\t\t<\/a>\n\t\t\t\t\t\t\t\t\t\t\t\t\t\t\t<\/div>\n\t\t\t\t\t<\/div>\n\t\t<\/div>\n\t\t\t\t<div class=\"elementor-column elementor-col-33 elementor-inner-column elementor-element elementor-element-708fdb29\" data-id=\"708fdb29\" data-element_type=\"column\">\n\t\t\t<div class=\"elementor-widget-wrap elementor-element-populated\">\n\t\t\t\t\t\t<div class=\"elementor-element elementor-element-65d3d0a4 animated-fast elementor-invisible elementor-widget elementor-widget-image\" data-id=\"65d3d0a4\" data-element_type=\"widget\" data-settings=\"{&quot;_animation&quot;:&quot;fadeInUp&quot;,&quot;_animation_delay&quot;:200}\" data-widget_type=\"image.default\">\n\t\t\t\t\t\t\t\t\t\t\t\t\t\t\t\t<a href=\"https:\/\/grybuparkas.paslaugosverslui.lt\/wp-content\/uploads\/2025\/07\/7-1.jpg\" data-elementor-open-lightbox=\"yes\" data-elementor-lightbox-title=\"7\" data-e-action-hash=\"#elementor-action%3Aaction%3Dlightbox%26settings%3DeyJpZCI6MzIyLCJ1cmwiOiJodHRwczpcL1wvZ3J5YnVwYXJrYXMucGFzbGF1Z29zdmVyc2x1aS5sdFwvd3AtY29udGVudFwvdXBsb2Fkc1wvMjAyNVwvMDdcLzctMS5qcGcifQ%3D%3D\">\n\t\t\t\t\t\t\t<img decoding=\"async\" width=\"768\" height=\"1152\" src=\"https:\/\/grybuparkas.paslaugosverslui.lt\/wp-content\/uploads\/2025\/07\/7-1-768x1152.jpg\" class=\"attachment-medium_large size-medium_large wp-image-322\" alt=\"\" srcset=\"https:\/\/grybuparkas.paslaugosverslui.lt\/wp-content\/uploads\/2025\/07\/7-1-768x1152.jpg 768w, https:\/\/grybuparkas.paslaugosverslui.lt\/wp-content\/uploads\/2025\/07\/7-1-200x300.jpg 200w, https:\/\/grybuparkas.paslaugosverslui.lt\/wp-content\/uploads\/2025\/07\/7-1-683x1024.jpg 683w, https:\/\/grybuparkas.paslaugosverslui.lt\/wp-content\/uploads\/2025\/07\/7-1.jpg 900w\" sizes=\"(max-width: 768px) 100vw, 768px\" \/>\t\t\t\t\t\t\t\t<\/a>\n\t\t\t\t\t\t\t\t\t\t\t\t\t\t\t<\/div>\n\t\t\t\t\t<\/div>\n\t\t<\/div>\n\t\t\t\t<div class=\"elementor-column elementor-col-33 elementor-inner-column elementor-element elementor-element-43aafc3a\" data-id=\"43aafc3a\" data-element_type=\"column\">\n\t\t\t<div class=\"elementor-widget-wrap elementor-element-populated\">\n\t\t\t\t\t\t<div class=\"elementor-element elementor-element-48b90eb7 animated-fast elementor-invisible elementor-widget elementor-widget-image\" data-id=\"48b90eb7\" data-element_type=\"widget\" data-settings=\"{&quot;_animation&quot;:&quot;fadeInUp&quot;,&quot;_animation_delay&quot;:300}\" data-widget_type=\"image.default\">\n\t\t\t\t\t\t\t\t\t\t\t\t\t\t\t\t<a href=\"https:\/\/grybuparkas.paslaugosverslui.lt\/wp-content\/uploads\/2025\/07\/8.jpg\" data-elementor-open-lightbox=\"yes\" data-elementor-lightbox-title=\"8\" data-e-action-hash=\"#elementor-action%3Aaction%3Dlightbox%26settings%3DeyJpZCI6MzIzLCJ1cmwiOiJodHRwczpcL1wvZ3J5YnVwYXJrYXMucGFzbGF1Z29zdmVyc2x1aS5sdFwvd3AtY29udGVudFwvdXBsb2Fkc1wvMjAyNVwvMDdcLzguanBnIn0%3D\">\n\t\t\t\t\t\t\t<img decoding=\"async\" width=\"768\" height=\"1152\" src=\"https:\/\/grybuparkas.paslaugosverslui.lt\/wp-content\/uploads\/2025\/07\/8-768x1152.jpg\" class=\"attachment-medium_large size-medium_large wp-image-323\" alt=\"\" srcset=\"https:\/\/grybuparkas.paslaugosverslui.lt\/wp-content\/uploads\/2025\/07\/8-768x1152.jpg 768w, https:\/\/grybuparkas.paslaugosverslui.lt\/wp-content\/uploads\/2025\/07\/8-200x300.jpg 200w, https:\/\/grybuparkas.paslaugosverslui.lt\/wp-content\/uploads\/2025\/07\/8-683x1024.jpg 683w, https:\/\/grybuparkas.paslaugosverslui.lt\/wp-content\/uploads\/2025\/07\/8.jpg 900w\" sizes=\"(max-width: 768px) 100vw, 768px\" \/>\t\t\t\t\t\t\t\t<\/a>\n\t\t\t\t\t\t\t\t\t\t\t\t\t\t\t<\/div>\n\t\t\t\t\t<\/div>\n\t\t<\/div>\n\t\t\t\t\t<\/div>\n\t\t<\/section>\n\t\t\t\t<section class=\"elementor-section elementor-inner-section elementor-element elementor-element-c3292de elementor-section-boxed elementor-section-height-default elementor-section-height-default\" data-id=\"c3292de\" data-element_type=\"section\">\n\t\t\t\t\t\t<div class=\"elementor-container elementor-column-gap-default\">\n\t\t\t\t\t<div class=\"elementor-column elementor-col-100 elementor-inner-column elementor-element elementor-element-62495047\" data-id=\"62495047\" data-element_type=\"column\">\n\t\t\t<div class=\"elementor-widget-wrap elementor-element-populated\">\n\t\t\t\t\t\t<div class=\"elementor-element elementor-element-2df8fe09 animated-fast elementor-invisible elementor-widget elementor-widget-image-box\" data-id=\"2df8fe09\" data-element_type=\"widget\" data-settings=\"{&quot;_animation&quot;:&quot;fadeIn&quot;,&quot;_animation_delay&quot;:300}\" data-widget_type=\"image-box.default\">\n\t\t\t\t\t<div class=\"elementor-image-box-wrapper\"><div class=\"elementor-image-box-content\"><h2 class=\"elementor-image-box-title\">Gryb\u0173 parkas gervi\u0173 lizde<\/h2><\/div><\/div>\t\t\t\t<\/div>\n\t\t\t\t<div class=\"elementor-element elementor-element-8c2e1e9 animated-fast elementor-invisible elementor-widget elementor-widget-text-editor\" data-id=\"8c2e1e9\" data-element_type=\"widget\" data-settings=\"{&quot;_animation&quot;:&quot;fadeInUp&quot;,&quot;_animation_delay&quot;:400}\" data-widget_type=\"text-editor.default\">\n\t\t\t\t\t\t\t\t\t<p>We are a team of wildly creative people who have built a mystical place for entertainment. Our goal is to create a celebration, tickle your positive emotions, and paste smiles on your faces with our creativity.<\/p>\t\t\t\t\t\t\t\t<\/div>\n\t\t\t\t\t<\/div>\n\t\t<\/div>\n\t\t\t\t\t<\/div>\n\t\t<\/section>\n\t\t\t\t\t<\/div>\n\t\t<\/div>\n\t\t\t\t\t<\/div>\n\t\t<\/section>\n\t\t\t\t<\/div>\n\t\t\n    <div class=\"xs_social_share_widget xs_share_url after_content \t\tmain_content  wslu-style-1 wslu-share-box-shaped wslu-fill-colored wslu-none wslu-share-horizontal wslu-theme-font-no wslu-main_content\">\n\n\t\t\n        <ul>\n\t\t\t        <\/ul>\n    <\/div>","protected":false},"excerpt":{"rendered":"<p>Gryb\u0173 parkas gervi\u0173 lizde Mes esame gerokai nuraut\u0173 stog\u0173, k\u016brybi\u0161k\u0173 \u017emoni\u0173 komanda, suk\u016brusi mistin\u0119 viet\u0105 pramogoms. M\u016bs\u0173 tikslas &#8211; sukurti \u0161vent\u0119, pakutenti j\u016bs\u0173 geras emocijas ir savo k\u016bryba \u012fklijuoti jums \u0161ypsenas veiduose.<\/p>","protected":false},"author":1,"featured_media":0,"parent":0,"menu_order":0,"comment_status":"closed","ping_status":"closed","template":"","meta":{"footnotes":""},"class_list":["post-331","page","type-page","status-publish","hentry"],"_links":{"self":[{"href":"https:\/\/grybuparkas.paslaugosverslui.lt\/en\/wp-json\/wp\/v2\/pages\/331","targetHints":{"allow":["GET"]}}],"collection":[{"href":"https:\/\/grybuparkas.paslaugosverslui.lt\/en\/wp-json\/wp\/v2\/pages"}],"about":[{"href":"https:\/\/grybuparkas.paslaugosverslui.lt\/en\/wp-json\/wp\/v2\/types\/page"}],"author":[{"embeddable":true,"href":"https:\/\/grybuparkas.paslaugosverslui.lt\/en\/wp-json\/wp\/v2\/users\/1"}],"replies":[{"embeddable":true,"href":"https:\/\/grybuparkas.paslaugosverslui.lt\/en\/wp-json\/wp\/v2\/comments?post=331"}],"version-history":[{"count":7,"href":"https:\/\/grybuparkas.paslaugosverslui.lt\/en\/wp-json\/wp\/v2\/pages\/331\/revisions"}],"predecessor-version":[{"id":352,"href":"https:\/\/grybuparkas.paslaugosverslui.lt\/en\/wp-json\/wp\/v2\/pages\/331\/revisions\/352"}],"wp:attachment":[{"href":"https:\/\/grybuparkas.paslaugosverslui.lt\/en\/wp-json\/wp\/v2\/media?parent=331"}],"curies":[{"name":"wp","href":"https:\/\/api.w.org\/{rel}","templated":true}]}}